{"id":4095,"date":"2018-04-24T14:08:04","date_gmt":"2018-04-24T12:08:04","guid":{"rendered":"https:\/\/www.septembremusical.ch\/politique-de-confidentialite\/"},"modified":"2026-02-24T16:34:30","modified_gmt":"2026-02-24T15:34:30","slug":"datenschutzbestimmungen","status":"publish","type":"page","link":"https:\/\/www.septembremusical.ch\/de\/datenschutzbestimmungen\/","title":{"rendered":"Datenschutzbestimmungen"},"content":{"rendered":"<div class=\"the-content\"><h2 id=\"1-datenschutzerklarung-A603\" class=\"bloc_title\">1. Datenschutzerkl\u00e4rung<\/h2>\n<div class=\"bloc_paragraph wiki texal_left\">\n<p>Das Festival Septembre Musical verpflichtet sich, die Vertraulichkeit, die Sicherheit und die Richtigkeit der personenbezogenen Daten, die es erfasst und verwendet, zu sch\u00fctzen. Dieser rechtliche Hinweis erl\u00e4utert, wie wir Ihre Informationen sammeln, verwenden und sch\u00fctzen.<\/p>\n<\/div>\n<h2 id=\"2-erfasste-informationen-A605\" class=\"bloc_title\">2. Erfasste Informationen<\/h2>\n<div class=\"bloc_paragraph wiki texal_left\">\n<p>Wir erfassen nur Informationen, die Sie uns \u00fcber unsere Website \u00fcbermitteln, zum Beispiel Ihren Namen, Ihren Vornamen und Ihre E-Mail-Adresse.<\/p>\n<\/div>\n<h2 id=\"3-erhebung-und-verwendung-ihrer-daten-A607\" class=\"bloc_title\">3. Erhebung und Verwendung Ihrer Daten<\/h2>\n<div class=\"bloc_paragraph wiki texal_left\">\n<p>Wenn Sie \u00fcber unsere Website (www.septembremusical.ch) und anschlie\u00dfend \u00fcber unseren Online-Shop (https:\/\/shop.septembremusical.ch) einen Kauf von Konzertkarten t\u00e4tigen, erfassen wir die zur Bearbeitung Ihrer Bestellung erforderlichen Daten, darunter Ihren Namen, Ihre Adresse und Kontaktinformationen. Wir verwenden diese Daten ausschlie\u00dflich, um Ihnen unsere Produkte und Dienstleistungen zur Verf\u00fcgung zu stellen.<\/p>\n<p>Auf unserer Website haben Sie die Wahl, einem v\u00f6llig anonymen Cookie zuzustimmen, mit dem Ihre Wahl gespeichert werden kann. Dieses Cookie erm\u00f6glicht es uns auch, die Besucherzahlen unserer Website zu messen, ebenfalls anonym.<\/p>\n<\/div>\n<h2 id=\"4-aufbewahrung-von-daten-A6282\" class=\"bloc_title\">4. Aufbewahrung von Daten<\/h2>\n<div class=\"bloc_paragraph wiki texal_left\">\n<p>Wir verpflichten uns, Ihre Daten nicht an Dritte weiterzugeben.<\/p>\n<\/div>\n<h2 id=\"5-sicherheit-der-daten-A6284\" class=\"bloc_title\">5. Sicherheit der Daten<\/h2>\n<div class=\"bloc_paragraph wiki texal_left\">\n<p>Wir ergreifen angemessene Sicherheitsma\u00dfnahmen, um Ihre Daten vor unbefugtem Zugriff, \u00c4nderung oder Zerst\u00f6rung zu sch\u00fctzen.<\/p>\n<\/div>\n<h2 id=\"6-teilen-von-daten-A609\" class=\"bloc_title\">6. Teilen von Daten<\/h2>\n<div class=\"bloc_paragraph wiki texal_left\">\n<p>Wir geben Ihre pers\u00f6nlichen Daten nicht an Dritte weiter, es sei denn, dies ist zur Erf\u00fcllung Ihrer Bestellung erforderlich oder gesetzlich vorgeschrieben.<\/p>\n<\/div>\n<h2 id=\"7-ihre-rechte-A612\" class=\"bloc_title\">7. Ihre Rechte<\/h2>\n<div class=\"bloc_paragraph wiki texal_left\">\n<p>Sie haben das Recht, Zugang zu Ihren bei uns gespeicherten personenbezogenen Daten zu verlangen, sie zu korrigieren oder zu l\u00f6schen. Um diese Rechte auszu\u00fcben, kontaktieren Sie uns bitte unter der E-Mail-Adresse info@septembremusical.ch.<\/p>\n<\/div>\n<h2 id=\"8-kontakt-A614\" class=\"bloc_title\">8. Kontakt<\/h2>\n<div class=\"bloc_paragraph wiki texal_auto_justify\">\n<p>Wenn Sie Fragen zum Umgang mit Ihren pers\u00f6nlichen Daten haben, kontaktieren Sie uns bitte unter der E-Mail-Adresse info@septembremusical.ch.<\/p>\n<\/div>\n<\/div>","protected":false},"excerpt":{"rendered":"<p>1. Datenschutzerkl\u00e4rung Das Festival Septembre Musical verpflichtet sich, die Vertraulichkeit, die Sicherheit und die Richtigkeit der personenbezogenen Daten, die es erfasst und verwendet, zu sch\u00fctzen. Dieser rechtliche Hinweis erl\u00e4utert, wie wir Ihre Informationen sammeln, verwenden und sch\u00fctzen. 2. Erfasste Informationen Wir erfassen nur Informationen, die Sie uns \u00fcber unsere Website \u00fcbermitteln, zum Beispiel Ihren Namen, [&hellip;]<\/p>\n","protected":false},"author":1,"featured_media":0,"parent":0,"menu_order":10,"comment_status":"closed","ping_status":"closed","template":"","meta":{"_acf_changed":false,"_searchwp_excluded":"","inline_featured_image":false,"footnotes":""},"class_list":["post-4095","page","type-page","status-publish","hentry"],"acf":[],"yoast_head":"<!-- This site is optimized with the Yoast SEO plugin v27.4 - https:\/\/yoast.com\/product\/yoast-seo-wordpress\/ -->\n<title>Datenschutzbestimmungen &amp; Privatsph\u00e4re - Septembre Musical<\/title>\n<meta name=\"description\" content=\"Erfahren Sie, wie das Festival Septembre Musical Ihre pers\u00f6nlichen Daten sch\u00fctzt. Transparente Datenschutzerkl\u00e4rung f\u00fcr sicheren Ticketkauf.\" \/>\n<meta name=\"robots\" content=\"index, follow, max-snippet:-1, max-image-preview:large, max-video-preview:-1\" \/>\n<link rel=\"canonical\" href=\"https:\/\/www.septembremusical.ch\/de\/datenschutzbestimmungen\/\" \/>\n<meta property=\"og:locale\" content=\"de_DE\" \/>\n<meta property=\"og:type\" content=\"article\" \/>\n<meta property=\"og:title\" content=\"Datenschutz beim Festival Septembre Musical\" \/>\n<meta property=\"og:description\" content=\"Ihre Privatsph\u00e4re liegt uns am Herzen! Entdecken Sie, wie wir Ihre pers\u00f6nlichen Daten beim Ticketkauf und Website-Besuch sicher und vertraulich behandeln.\" \/>\n<meta property=\"og:url\" content=\"https:\/\/www.septembremusical.ch\/de\/datenschutzbestimmungen\/\" \/>\n<meta property=\"og:site_name\" content=\"Septembre Musical\" \/>\n<meta property=\"article:publisher\" content=\"https:\/\/www.facebook.com\/septmus\/\" \/>\n<meta property=\"article:modified_time\" content=\"2026-02-24T15:34:30+00:00\" \/>\n<meta name=\"twitter:card\" content=\"summary_large_image\" \/>\n<script type=\"application\/ld+json\" class=\"yoast-schema-graph\">{\"@context\":\"https:\\\/\\\/schema.org\",\"@graph\":[{\"@type\":\"WebPage\",\"@id\":\"https:\\\/\\\/www.septembremusical.ch\\\/de\\\/datenschutzbestimmungen\\\/\",\"url\":\"https:\\\/\\\/www.septembremusical.ch\\\/de\\\/datenschutzbestimmungen\\\/\",\"name\":\"Datenschutzbestimmungen & Privatsph\u00e4re - Septembre Musical\",\"isPartOf\":{\"@id\":\"https:\\\/\\\/www.septembremusical.ch\\\/de\\\/#website\"},\"datePublished\":\"2018-04-24T12:08:04+00:00\",\"dateModified\":\"2026-02-24T15:34:30+00:00\",\"description\":\"Erfahren Sie, wie das Festival Septembre Musical Ihre pers\u00f6nlichen Daten sch\u00fctzt. Transparente Datenschutzerkl\u00e4rung f\u00fcr sicheren Ticketkauf.\",\"breadcrumb\":{\"@id\":\"https:\\\/\\\/www.septembremusical.ch\\\/de\\\/datenschutzbestimmungen\\\/#breadcrumb\"},\"inLanguage\":\"de\",\"potentialAction\":[{\"@type\":\"ReadAction\",\"target\":[\"https:\\\/\\\/www.septembremusical.ch\\\/de\\\/datenschutzbestimmungen\\\/\"]}]},{\"@type\":\"BreadcrumbList\",\"@id\":\"https:\\\/\\\/www.septembremusical.ch\\\/de\\\/datenschutzbestimmungen\\\/#breadcrumb\",\"itemListElement\":[{\"@type\":\"ListItem\",\"position\":1,\"name\":\"Accueil\",\"item\":\"https:\\\/\\\/www.septembremusical.ch\\\/de\\\/\"},{\"@type\":\"ListItem\",\"position\":2,\"name\":\"Datenschutzbestimmungen\"}]},{\"@type\":\"WebSite\",\"@id\":\"https:\\\/\\\/www.septembremusical.ch\\\/de\\\/#website\",\"url\":\"https:\\\/\\\/www.septembremusical.ch\\\/de\\\/\",\"name\":\"Septembre Musical - Festival de musique classique en Suisse\",\"description\":\"\",\"publisher\":{\"@id\":\"https:\\\/\\\/www.septembremusical.ch\\\/de\\\/#organization\"},\"potentialAction\":[{\"@type\":\"SearchAction\",\"target\":{\"@type\":\"EntryPoint\",\"urlTemplate\":\"https:\\\/\\\/www.septembremusical.ch\\\/de\\\/?s={search_term_string}\"},\"query-input\":{\"@type\":\"PropertyValueSpecification\",\"valueRequired\":true,\"valueName\":\"search_term_string\"}}],\"inLanguage\":\"de\"},{\"@type\":\"Organization\",\"@id\":\"https:\\\/\\\/www.septembremusical.ch\\\/de\\\/#organization\",\"name\":\"Septembre Musical\",\"url\":\"https:\\\/\\\/www.septembremusical.ch\\\/de\\\/\",\"logo\":{\"@type\":\"ImageObject\",\"inLanguage\":\"de\",\"@id\":\"https:\\\/\\\/www.septembremusical.ch\\\/de\\\/#\\\/schema\\\/logo\\\/image\\\/\",\"url\":\"https:\\\/\\\/www.septembremusical.ch\\\/wp-content\\\/uploads\\\/2025\\\/12\\\/logo.svg\",\"contentUrl\":\"https:\\\/\\\/www.septembremusical.ch\\\/wp-content\\\/uploads\\\/2025\\\/12\\\/logo.svg\",\"caption\":\"Septembre Musical\"},\"image\":{\"@id\":\"https:\\\/\\\/www.septembremusical.ch\\\/de\\\/#\\\/schema\\\/logo\\\/image\\\/\"},\"sameAs\":[\"https:\\\/\\\/www.facebook.com\\\/septmus\\\/\"]}]}<\/script>\n<!-- \/ Yoast SEO plugin. -->","yoast_head_json":{"title":"Datenschutzbestimmungen & Privatsph\u00e4re - Septembre Musical","description":"Erfahren Sie, wie das Festival Septembre Musical Ihre pers\u00f6nlichen Daten sch\u00fctzt. Transparente Datenschutzerkl\u00e4rung f\u00fcr sicheren Ticketkauf.","robots":{"index":"index","follow":"follow","max-snippet":"max-snippet:-1","max-image-preview":"max-image-preview:large","max-video-preview":"max-video-preview:-1"},"canonical":"https:\/\/www.septembremusical.ch\/de\/datenschutzbestimmungen\/","og_locale":"de_DE","og_type":"article","og_title":"Datenschutz beim Festival Septembre Musical","og_description":"Ihre Privatsph\u00e4re liegt uns am Herzen! Entdecken Sie, wie wir Ihre pers\u00f6nlichen Daten beim Ticketkauf und Website-Besuch sicher und vertraulich behandeln.","og_url":"https:\/\/www.septembremusical.ch\/de\/datenschutzbestimmungen\/","og_site_name":"Septembre Musical","article_publisher":"https:\/\/www.facebook.com\/septmus\/","article_modified_time":"2026-02-24T15:34:30+00:00","twitter_card":"summary_large_image","schema":{"@context":"https:\/\/schema.org","@graph":[{"@type":"WebPage","@id":"https:\/\/www.septembremusical.ch\/de\/datenschutzbestimmungen\/","url":"https:\/\/www.septembremusical.ch\/de\/datenschutzbestimmungen\/","name":"Datenschutzbestimmungen & Privatsph\u00e4re - Septembre Musical","isPartOf":{"@id":"https:\/\/www.septembremusical.ch\/de\/#website"},"datePublished":"2018-04-24T12:08:04+00:00","dateModified":"2026-02-24T15:34:30+00:00","description":"Erfahren Sie, wie das Festival Septembre Musical Ihre pers\u00f6nlichen Daten sch\u00fctzt. Transparente Datenschutzerkl\u00e4rung f\u00fcr sicheren Ticketkauf.","breadcrumb":{"@id":"https:\/\/www.septembremusical.ch\/de\/datenschutzbestimmungen\/#breadcrumb"},"inLanguage":"de","potentialAction":[{"@type":"ReadAction","target":["https:\/\/www.septembremusical.ch\/de\/datenschutzbestimmungen\/"]}]},{"@type":"BreadcrumbList","@id":"https:\/\/www.septembremusical.ch\/de\/datenschutzbestimmungen\/#breadcrumb","itemListElement":[{"@type":"ListItem","position":1,"name":"Accueil","item":"https:\/\/www.septembremusical.ch\/de\/"},{"@type":"ListItem","position":2,"name":"Datenschutzbestimmungen"}]},{"@type":"WebSite","@id":"https:\/\/www.septembremusical.ch\/de\/#website","url":"https:\/\/www.septembremusical.ch\/de\/","name":"Septembre Musical - Festival de musique classique en Suisse","description":"","publisher":{"@id":"https:\/\/www.septembremusical.ch\/de\/#organization"},"potentialAction":[{"@type":"SearchAction","target":{"@type":"EntryPoint","urlTemplate":"https:\/\/www.septembremusical.ch\/de\/?s={search_term_string}"},"query-input":{"@type":"PropertyValueSpecification","valueRequired":true,"valueName":"search_term_string"}}],"inLanguage":"de"},{"@type":"Organization","@id":"https:\/\/www.septembremusical.ch\/de\/#organization","name":"Septembre Musical","url":"https:\/\/www.septembremusical.ch\/de\/","logo":{"@type":"ImageObject","inLanguage":"de","@id":"https:\/\/www.septembremusical.ch\/de\/#\/schema\/logo\/image\/","url":"https:\/\/www.septembremusical.ch\/wp-content\/uploads\/2025\/12\/logo.svg","contentUrl":"https:\/\/www.septembremusical.ch\/wp-content\/uploads\/2025\/12\/logo.svg","caption":"Septembre Musical"},"image":{"@id":"https:\/\/www.septembremusical.ch\/de\/#\/schema\/logo\/image\/"},"sameAs":["https:\/\/www.facebook.com\/septmus\/"]}]}},"_links":{"self":[{"href":"https:\/\/www.septembremusical.ch\/de\/wp-json\/wp\/v2\/pages\/4095","targetHints":{"allow":["GET"]}}],"collection":[{"href":"https:\/\/www.septembremusical.ch\/de\/wp-json\/wp\/v2\/pages"}],"about":[{"href":"https:\/\/www.septembremusical.ch\/de\/wp-json\/wp\/v2\/types\/page"}],"author":[{"embeddable":true,"href":"https:\/\/www.septembremusical.ch\/de\/wp-json\/wp\/v2\/users\/1"}],"replies":[{"embeddable":true,"href":"https:\/\/www.septembremusical.ch\/de\/wp-json\/wp\/v2\/comments?post=4095"}],"version-history":[{"count":0,"href":"https:\/\/www.septembremusical.ch\/de\/wp-json\/wp\/v2\/pages\/4095\/revisions"}],"wp:attachment":[{"href":"https:\/\/www.septembremusical.ch\/de\/wp-json\/wp\/v2\/media?parent=4095"}],"curies":[{"name":"wp","href":"https:\/\/api.w.org\/{rel}","templated":true}]}}